{"id":747,"date":"2025-01-16T18:54:55","date_gmt":"2025-01-16T17:54:55","guid":{"rendered":"https:\/\/drelindrelin.com\/?post_type=product&#038;p=747"},"modified":"2025-01-16T18:54:55","modified_gmt":"2025-01-16T17:54:55","slug":"pot-a-crayons-3","status":"publish","type":"product","link":"https:\/\/drelindrelin.com\/index.php\/produit\/pot-a-crayons-3\/","title":{"rendered":"Pot \u00e0 crayons"},"content":{"rendered":"<p>Pot \u00e0 crayons en cuir.<\/p>\n<p>Dimensions : 9,5 x 9,5 x 11,5<\/p>\n<p>Tons marron et bleu.<\/p>\n<p>Fabriqu\u00e9 artisanalement \u00e0 la main.<\/p>\n","protected":false},"excerpt":{"rendered":"<p>Pot \u00e0 crayons en cuir. Dimensions : 9,5 x 9,5 x 11,5 Tons marron et bleu. Fabriqu\u00e9 artisanalement \u00e0 la main.<\/p>\n","protected":false},"featured_media":732,"comment_status":"open","ping_status":"closed","template":"","meta":[],"product_cat":[27],"product_tag":[],"class_list":{"0":"post-747","1":"product","2":"type-product","3":"status-publish","4":"has-post-thumbnail","6":"product_cat-pot-a-crayons","8":"first","9":"instock","10":"shipping-taxable","11":"purchasable","12":"product-type-simple"},"jetpack_sharing_enabled":true,"_links":{"self":[{"href":"https:\/\/drelindrelin.com\/index.php\/wp-json\/wp\/v2\/product\/747","targetHints":{"allow":["GET"]}}],"collection":[{"href":"https:\/\/drelindrelin.com\/index.php\/wp-json\/wp\/v2\/product"}],"about":[{"href":"https:\/\/drelindrelin.com\/index.php\/wp-json\/wp\/v2\/types\/product"}],"replies":[{"embeddable":true,"href":"https:\/\/drelindrelin.com\/index.php\/wp-json\/wp\/v2\/comments?post=747"}],"wp:featuredmedia":[{"embeddable":true,"href":"https:\/\/drelindrelin.com\/index.php\/wp-json\/wp\/v2\/media\/732"}],"wp:attachment":[{"href":"https:\/\/drelindrelin.com\/index.php\/wp-json\/wp\/v2\/media?parent=747"}],"wp:term":[{"taxonomy":"product_cat","embeddable":true,"href":"https:\/\/drelindrelin.com\/index.php\/wp-json\/wp\/v2\/product_cat?post=747"},{"taxonomy":"product_tag","embeddable":true,"href":"https:\/\/drelindrelin.com\/index.php\/wp-json\/wp\/v2\/product_tag?post=747"}],"curies":[{"name":"wp","href":"https:\/\/api.w.org\/{rel}","templated":true}]}}