{"id":695,"date":"2025-01-16T16:46:05","date_gmt":"2025-01-16T15:46:05","guid":{"rendered":"https:\/\/drelindrelin.com\/?post_type=product&#038;p=695"},"modified":"2025-01-16T16:46:05","modified_gmt":"2025-01-16T15:46:05","slug":"boucles-doreilles-15","status":"publish","type":"product","link":"https:\/\/drelindrelin.com\/index.php\/produit\/boucles-doreilles-15\/","title":{"rendered":"Boucles d&#8217;oreilles"},"content":{"rendered":"<p>Marqueterie de cuir.<\/p>\n<p>Trio de cuirs verts et blanc.<\/p>\n<p>Attaches dormeuses en Argent 925 hypoallerg\u00e9nique.<\/p>\n<p>Fabriqu\u00e9es artisanalement \u00e0 la main.<\/p>\n","protected":false},"excerpt":{"rendered":"<p>Marqueterie de cuir. Trio de cuirs verts et blanc. Attaches dormeuses en Argent 925 hypoallerg\u00e9nique. Fabriqu\u00e9es artisanalement \u00e0 la main.<\/p>\n","protected":false},"featured_media":681,"comment_status":"open","ping_status":"closed","template":"","meta":[],"product_cat":[26],"product_tag":[],"class_list":{"0":"post-695","1":"product","2":"type-product","3":"status-publish","4":"has-post-thumbnail","6":"product_cat-boucles-doreilles","8":"first","9":"instock","10":"shipping-taxable","11":"purchasable","12":"product-type-simple"},"jetpack_sharing_enabled":true,"_links":{"self":[{"href":"https:\/\/drelindrelin.com\/index.php\/wp-json\/wp\/v2\/product\/695","targetHints":{"allow":["GET"]}}],"collection":[{"href":"https:\/\/drelindrelin.com\/index.php\/wp-json\/wp\/v2\/product"}],"about":[{"href":"https:\/\/drelindrelin.com\/index.php\/wp-json\/wp\/v2\/types\/product"}],"replies":[{"embeddable":true,"href":"https:\/\/drelindrelin.com\/index.php\/wp-json\/wp\/v2\/comments?post=695"}],"wp:featuredmedia":[{"embeddable":true,"href":"https:\/\/drelindrelin.com\/index.php\/wp-json\/wp\/v2\/media\/681"}],"wp:attachment":[{"href":"https:\/\/drelindrelin.com\/index.php\/wp-json\/wp\/v2\/media?parent=695"}],"wp:term":[{"taxonomy":"product_cat","embeddable":true,"href":"https:\/\/drelindrelin.com\/index.php\/wp-json\/wp\/v2\/product_cat?post=695"},{"taxonomy":"product_tag","embeddable":true,"href":"https:\/\/drelindrelin.com\/index.php\/wp-json\/wp\/v2\/product_tag?post=695"}],"curies":[{"name":"wp","href":"https:\/\/api.w.org\/{rel}","templated":true}]}}