{"id":688,"date":"2025-01-16T16:27:48","date_gmt":"2025-01-16T15:27:48","guid":{"rendered":"https:\/\/drelindrelin.com\/?post_type=product&#038;p=688"},"modified":"2025-01-16T16:39:10","modified_gmt":"2025-01-16T15:39:10","slug":"boucles-doreilles-8","status":"publish","type":"product","link":"https:\/\/drelindrelin.com\/index.php\/produit\/boucles-doreilles-8\/","title":{"rendered":"Boucles d&#8217;oreilles"},"content":{"rendered":"<p>Marqueterie de cuir.<\/p>\n<p>Trio de cuirs verts.<\/p>\n<p>Attaches en Argent 925 hypoallerg\u00e9nique.<\/p>\n<p>Fabriqu\u00e9es artisanalement \u00e0 la main.<\/p>\n","protected":false},"excerpt":{"rendered":"<p>Marqueterie de cuir. Trio de cuirs verts. Attaches en Argent 925 hypoallerg\u00e9nique. Fabriqu\u00e9es artisanalement \u00e0 la main.<\/p>\n","protected":false},"featured_media":674,"comment_status":"open","ping_status":"closed","template":"","meta":[],"product_cat":[26],"product_tag":[],"class_list":{"0":"post-688","1":"product","2":"type-product","3":"status-publish","4":"has-post-thumbnail","6":"product_cat-boucles-doreilles","8":"first","9":"instock","10":"shipping-taxable","11":"purchasable","12":"product-type-simple"},"jetpack_sharing_enabled":true,"_links":{"self":[{"href":"https:\/\/drelindrelin.com\/index.php\/wp-json\/wp\/v2\/product\/688","targetHints":{"allow":["GET"]}}],"collection":[{"href":"https:\/\/drelindrelin.com\/index.php\/wp-json\/wp\/v2\/product"}],"about":[{"href":"https:\/\/drelindrelin.com\/index.php\/wp-json\/wp\/v2\/types\/product"}],"replies":[{"embeddable":true,"href":"https:\/\/drelindrelin.com\/index.php\/wp-json\/wp\/v2\/comments?post=688"}],"wp:featuredmedia":[{"embeddable":true,"href":"https:\/\/drelindrelin.com\/index.php\/wp-json\/wp\/v2\/media\/674"}],"wp:attachment":[{"href":"https:\/\/drelindrelin.com\/index.php\/wp-json\/wp\/v2\/media?parent=688"}],"wp:term":[{"taxonomy":"product_cat","embeddable":true,"href":"https:\/\/drelindrelin.com\/index.php\/wp-json\/wp\/v2\/product_cat?post=688"},{"taxonomy":"product_tag","embeddable":true,"href":"https:\/\/drelindrelin.com\/index.php\/wp-json\/wp\/v2\/product_tag?post=688"}],"curies":[{"name":"wp","href":"https:\/\/api.w.org\/{rel}","templated":true}]}}