{"id":290,"date":"2024-07-22T18:39:19","date_gmt":"2024-07-22T16:39:19","guid":{"rendered":"https:\/\/drelindrelin.com\/?post_type=product&#038;p=290"},"modified":"2024-09-09T12:02:58","modified_gmt":"2024-09-09T10:02:58","slug":"vase-en-cuir","status":"publish","type":"product","link":"https:\/\/drelindrelin.com\/index.php\/produit\/vase-en-cuir\/","title":{"rendered":"Vase en cuir"},"content":{"rendered":"<p>Vase en marqueterie de cuir.<br \/>\nUn tube gliss\u00e9 \u00e0 l&#8217;int\u00e9rieur vous permet de mettre de l&#8217;eau pour les bouquets frais.<\/p>\n<p>Cr\u00e9ation artisanale unique.<\/p>\n<p>100% cuir issus de stocks dormants<\/p>\n","protected":false},"excerpt":{"rendered":"<p>Vase en marqueterie de cuir. Un tube gliss\u00e9 \u00e0 l&#8217;int\u00e9rieur vous permet de mettre de l&#8217;eau pour les bouquets frais. Cr\u00e9ation artisanale unique. 100% cuir issus de stocks dormants<\/p>\n","protected":false},"featured_media":261,"comment_status":"open","ping_status":"closed","template":"","meta":[],"product_cat":[25],"product_tag":[],"class_list":{"0":"post-290","1":"product","2":"type-product","3":"status-publish","4":"has-post-thumbnail","6":"product_cat-vases","8":"first","9":"instock","10":"shipping-taxable","11":"purchasable","12":"product-type-simple"},"jetpack_sharing_enabled":true,"_links":{"self":[{"href":"https:\/\/drelindrelin.com\/index.php\/wp-json\/wp\/v2\/product\/290","targetHints":{"allow":["GET"]}}],"collection":[{"href":"https:\/\/drelindrelin.com\/index.php\/wp-json\/wp\/v2\/product"}],"about":[{"href":"https:\/\/drelindrelin.com\/index.php\/wp-json\/wp\/v2\/types\/product"}],"replies":[{"embeddable":true,"href":"https:\/\/drelindrelin.com\/index.php\/wp-json\/wp\/v2\/comments?post=290"}],"wp:featuredmedia":[{"embeddable":true,"href":"https:\/\/drelindrelin.com\/index.php\/wp-json\/wp\/v2\/media\/261"}],"wp:attachment":[{"href":"https:\/\/drelindrelin.com\/index.php\/wp-json\/wp\/v2\/media?parent=290"}],"wp:term":[{"taxonomy":"product_cat","embeddable":true,"href":"https:\/\/drelindrelin.com\/index.php\/wp-json\/wp\/v2\/product_cat?post=290"},{"taxonomy":"product_tag","embeddable":true,"href":"https:\/\/drelindrelin.com\/index.php\/wp-json\/wp\/v2\/product_tag?post=290"}],"curies":[{"name":"wp","href":"https:\/\/api.w.org\/{rel}","templated":true}]}}