{"id":132,"date":"2024-07-22T14:16:34","date_gmt":"2024-07-22T12:16:34","guid":{"rendered":"https:\/\/drelindrelin.com\/?page_id=132"},"modified":"2025-01-03T16:08:39","modified_gmt":"2025-01-03T15:08:39","slug":"me-retrouver","status":"publish","type":"page","link":"https:\/\/drelindrelin.com\/index.php\/me-retrouver\/","title":{"rendered":"Me retrouver"},"content":{"rendered":"<div class=\"wp-block-cover is-light\"><span aria-hidden=\"true\" class=\"wp-block-cover__background has-background-dim\" style=\"background-color:#af9d8c\"><\/span><img loading=\"lazy\" decoding=\"async\" width=\"1600\" height=\"1200\" class=\"wp-block-cover__image-background wp-image-247\" alt=\"\" src=\"https:\/\/drelindrelin.com\/wp-content\/uploads\/2024\/07\/IMG-20231209-WA0025.jpg\" data-object-fit=\"cover\" srcset=\"https:\/\/drelindrelin.com\/wp-content\/uploads\/2024\/07\/IMG-20231209-WA0025.jpg 1600w, https:\/\/drelindrelin.com\/wp-content\/uploads\/2024\/07\/IMG-20231209-WA0025-300x225.jpg 300w, https:\/\/drelindrelin.com\/wp-content\/uploads\/2024\/07\/IMG-20231209-WA0025-1024x768.jpg 1024w, https:\/\/drelindrelin.com\/wp-content\/uploads\/2024\/07\/IMG-20231209-WA0025-768x576.jpg 768w, https:\/\/drelindrelin.com\/wp-content\/uploads\/2024\/07\/IMG-20231209-WA0025-1536x1152.jpg 1536w, https:\/\/drelindrelin.com\/wp-content\/uploads\/2024\/07\/IMG-20231209-WA0025-1320x990.jpg 1320w, https:\/\/drelindrelin.com\/wp-content\/uploads\/2024\/07\/IMG-20231209-WA0025-600x450.jpg 600w\" sizes=\"auto, (max-width: 1600px) 100vw, 1600px\" \/><div class=\"wp-block-cover__inner-container is-layout-constrained wp-block-cover-is-layout-constrained\"><p class=\"has-text-align-center has-large-font-size\">Les \u00e9v\u00e9nements pass\u00e9s<\/p><\/div><\/div><div class=\"wp-block-media-text is-stacked-on-mobile\"><figure class=\"wp-block-media-text__media\"><img loading=\"lazy\" decoding=\"async\" width=\"704\" height=\"1024\" src=\"https:\/\/drelindrelin.com\/wp-content\/uploads\/2025\/01\/Screenshot_20250103_160258_Instagram-704x1024.jpg\" alt=\"\" class=\"wp-image-630 size-full\" srcset=\"https:\/\/drelindrelin.com\/wp-content\/uploads\/2025\/01\/Screenshot_20250103_160258_Instagram-704x1024.jpg 704w, https:\/\/drelindrelin.com\/wp-content\/uploads\/2025\/01\/Screenshot_20250103_160258_Instagram-206x300.jpg 206w, https:\/\/drelindrelin.com\/wp-content\/uploads\/2025\/01\/Screenshot_20250103_160258_Instagram-768x1118.jpg 768w, https:\/\/drelindrelin.com\/wp-content\/uploads\/2025\/01\/Screenshot_20250103_160258_Instagram-1055x1536.jpg 1055w, https:\/\/drelindrelin.com\/wp-content\/uploads\/2025\/01\/Screenshot_20250103_160258_Instagram-600x873.jpg 600w, https:\/\/drelindrelin.com\/wp-content\/uploads\/2025\/01\/Screenshot_20250103_160258_Instagram.jpg 1080w\" sizes=\"auto, (max-width: 704px) 100vw, 704px\" \/><\/figure><div class=\"wp-block-media-text__content\"><p>L&#8217;ULTIME MARCHE DE NOEL<br>en partenariat avec Le Guide Ultime<br>20, 21 et 22 D\u00e9cembre 2024<br><br>Ground Control<br>81 rue du Charolais <br>75012 Paris<\/p><\/div><\/div><div class=\"wp-block-media-text is-stacked-on-mobile\"><figure class=\"wp-block-media-text__media\"><img loading=\"lazy\" decoding=\"async\" width=\"1024\" height=\"1024\" src=\"https:\/\/drelindrelin.com\/wp-content\/uploads\/2025\/01\/470365052_571106629198889_4884511572822484825_n-1024x1024.jpg\" alt=\"\" class=\"wp-image-629 size-full\" srcset=\"https:\/\/drelindrelin.com\/wp-content\/uploads\/2025\/01\/470365052_571106629198889_4884511572822484825_n-1024x1024.jpg 1024w, https:\/\/drelindrelin.com\/wp-content\/uploads\/2025\/01\/470365052_571106629198889_4884511572822484825_n-300x300.jpg 300w, https:\/\/drelindrelin.com\/wp-content\/uploads\/2025\/01\/470365052_571106629198889_4884511572822484825_n-150x150.jpg 150w, https:\/\/drelindrelin.com\/wp-content\/uploads\/2025\/01\/470365052_571106629198889_4884511572822484825_n-768x768.jpg 768w, https:\/\/drelindrelin.com\/wp-content\/uploads\/2025\/01\/470365052_571106629198889_4884511572822484825_n-1320x1320.jpg 1320w, https:\/\/drelindrelin.com\/wp-content\/uploads\/2025\/01\/470365052_571106629198889_4884511572822484825_n-600x600.jpg 600w, https:\/\/drelindrelin.com\/wp-content\/uploads\/2025\/01\/470365052_571106629198889_4884511572822484825_n-100x100.jpg 100w, https:\/\/drelindrelin.com\/wp-content\/uploads\/2025\/01\/470365052_571106629198889_4884511572822484825_n.jpg 1440w\" sizes=\"auto, (max-width: 1024px) 100vw, 1024px\" \/><\/figure><div class=\"wp-block-media-text__content\"><p>VILLAGE DE NOEL DE VINCENNES<br>Du 6 au 15 D\u00e9cembre 2024<br><\/p>\n\n<p>Place Pierre Semard<br>94300 Vincennes<\/p><\/div><\/div><div class=\"wp-block-media-text is-stacked-on-mobile\"><figure class=\"wp-block-media-text__media\"><img loading=\"lazy\" decoding=\"async\" width=\"150\" height=\"150\" src=\"https:\/\/drelindrelin.com\/wp-content\/uploads\/2024\/09\/394204468_733975115434463_695.jpg\" alt=\"\" class=\"wp-image-453 size-full\" srcset=\"https:\/\/drelindrelin.com\/wp-content\/uploads\/2024\/09\/394204468_733975115434463_695.jpg 150w, https:\/\/drelindrelin.com\/wp-content\/uploads\/2024\/09\/394204468_733975115434463_695-100x100.jpg 100w\" sizes=\"auto, (max-width: 150px) 100vw, 150px\" \/><\/figure><div class=\"wp-block-media-text__content\"><p>BANDE DE CREATEURS<br>Samedi 5 et Dimanche 6 Octobre 2024<br> <br>Bastille Design Center <br>74 boulevard Richard Lenoir<br>75011 Paris<\/p>\n\n<p><\/p><\/div><\/div><div class=\"wp-block-media-text is-stacked-on-mobile\"><figure class=\"wp-block-media-text__media\"><img loading=\"lazy\" decoding=\"async\" width=\"1024\" height=\"1024\" src=\"https:\/\/drelindrelin.com\/wp-content\/uploads\/2024\/09\/label-main-promo-automne-24-1024x1024.jpg\" alt=\"\" class=\"wp-image-452 size-full\" srcset=\"https:\/\/drelindrelin.com\/wp-content\/uploads\/2024\/09\/label-main-promo-automne-24-1024x1024.jpg 1024w, https:\/\/drelindrelin.com\/wp-content\/uploads\/2024\/09\/label-main-promo-automne-24-300x300.jpg 300w, https:\/\/drelindrelin.com\/wp-content\/uploads\/2024\/09\/label-main-promo-automne-24-150x150.jpg 150w, https:\/\/drelindrelin.com\/wp-content\/uploads\/2024\/09\/label-main-promo-automne-24-768x768.jpg 768w, https:\/\/drelindrelin.com\/wp-content\/uploads\/2024\/09\/label-main-promo-automne-24-1536x1536.jpg 1536w, https:\/\/drelindrelin.com\/wp-content\/uploads\/2024\/09\/label-main-promo-automne-24-2048x2048.jpg 2048w, https:\/\/drelindrelin.com\/wp-content\/uploads\/2024\/09\/label-main-promo-automne-24-1320x1320.jpg 1320w, https:\/\/drelindrelin.com\/wp-content\/uploads\/2024\/09\/label-main-promo-automne-24-600x600.jpg 600w, https:\/\/drelindrelin.com\/wp-content\/uploads\/2024\/09\/label-main-promo-automne-24-100x100.jpg 100w\" sizes=\"auto, (max-width: 1024px) 100vw, 1024px\" \/><\/figure><div class=\"wp-block-media-text__content\"><p>MARCHE DE CREATEURS<br>Collectif Label Main<br>Samedi 21 Septembre 2024<\/p>\n\n<p><\/p><\/div><\/div><p class=\"has-text-align-center has-large-font-size\"><\/p><div class=\"wp-block-media-text is-stacked-on-mobile\"><figure class=\"wp-block-media-text__media\"><img loading=\"lazy\" decoding=\"async\" width=\"1024\" height=\"1024\" src=\"https:\/\/drelindrelin.com\/wp-content\/uploads\/2024\/07\/POSTSINSTA_DAMES-1024x1024.jpg\" alt=\"\" class=\"wp-image-250 size-full\" srcset=\"https:\/\/drelindrelin.com\/wp-content\/uploads\/2024\/07\/POSTSINSTA_DAMES-1024x1024.jpg 1024w, https:\/\/drelindrelin.com\/wp-content\/uploads\/2024\/07\/POSTSINSTA_DAMES-300x300.jpg 300w, https:\/\/drelindrelin.com\/wp-content\/uploads\/2024\/07\/POSTSINSTA_DAMES-150x150.jpg 150w, https:\/\/drelindrelin.com\/wp-content\/uploads\/2024\/07\/POSTSINSTA_DAMES-768x768.jpg 768w, https:\/\/drelindrelin.com\/wp-content\/uploads\/2024\/07\/POSTSINSTA_DAMES-1536x1536.jpg 1536w, https:\/\/drelindrelin.com\/wp-content\/uploads\/2024\/07\/POSTSINSTA_DAMES-1320x1320.jpg 1320w, https:\/\/drelindrelin.com\/wp-content\/uploads\/2024\/07\/POSTSINSTA_DAMES-600x600.jpg 600w, https:\/\/drelindrelin.com\/wp-content\/uploads\/2024\/07\/POSTSINSTA_DAMES-100x100.jpg 100w, https:\/\/drelindrelin.com\/wp-content\/uploads\/2024\/07\/POSTSINSTA_DAMES.jpg 2000w\" sizes=\"auto, (max-width: 1024px) 100vw, 1024px\" \/><\/figure><div class=\"wp-block-media-text__content\"><p>LE REPAIRE DES CREATEURS<\/p>\n\n<p>Du 9 Juillet au 18 Aout 2024<br>92 rue des Dames <br>75017 Paris<\/p>\n\n<p><\/p>\n\n<p><\/p><\/div><\/div><div class=\"wp-block-media-text is-stacked-on-mobile\"><figure class=\"wp-block-media-text__media\"><img loading=\"lazy\" decoding=\"async\" width=\"1024\" height=\"1024\" src=\"https:\/\/drelindrelin.com\/wp-content\/uploads\/2024\/07\/433920229_1584794632275586_3414871630372203221_-1024x1024.jpg\" alt=\"\" class=\"wp-image-251 size-full\" srcset=\"https:\/\/drelindrelin.com\/wp-content\/uploads\/2024\/07\/433920229_1584794632275586_3414871630372203221_-1024x1024.jpg 1024w, https:\/\/drelindrelin.com\/wp-content\/uploads\/2024\/07\/433920229_1584794632275586_3414871630372203221_-300x300.jpg 300w, https:\/\/drelindrelin.com\/wp-content\/uploads\/2024\/07\/433920229_1584794632275586_3414871630372203221_-150x150.jpg 150w, https:\/\/drelindrelin.com\/wp-content\/uploads\/2024\/07\/433920229_1584794632275586_3414871630372203221_-768x768.jpg 768w, https:\/\/drelindrelin.com\/wp-content\/uploads\/2024\/07\/433920229_1584794632275586_3414871630372203221_-1320x1320.jpg 1320w, https:\/\/drelindrelin.com\/wp-content\/uploads\/2024\/07\/433920229_1584794632275586_3414871630372203221_-600x600.jpg 600w, https:\/\/drelindrelin.com\/wp-content\/uploads\/2024\/07\/433920229_1584794632275586_3414871630372203221_-100x100.jpg 100w, https:\/\/drelindrelin.com\/wp-content\/uploads\/2024\/07\/433920229_1584794632275586_3414871630372203221_.jpg 1440w\" sizes=\"auto, (max-width: 1024px) 100vw, 1024px\" \/><\/figure><div class=\"wp-block-media-text__content\"><p>MARCHE DE CREATEURS <br>Collectif LABEL MAIN<br>Samedi 23 Mars 2024<br><\/p><\/div><\/div><div class=\"wp-block-media-text is-stacked-on-mobile\"><figure class=\"wp-block-media-text__media\"><img loading=\"lazy\" decoding=\"async\" width=\"698\" height=\"1024\" src=\"https:\/\/drelindrelin.com\/wp-content\/uploads\/2024\/07\/Affiche-MArche-de-NoEl-2023-5-698x1024.jpg\" alt=\"\" class=\"wp-image-252 size-full\" srcset=\"https:\/\/drelindrelin.com\/wp-content\/uploads\/2024\/07\/Affiche-MArche-de-NoEl-2023-5-698x1024.jpg 698w, https:\/\/drelindrelin.com\/wp-content\/uploads\/2024\/07\/Affiche-MArche-de-NoEl-2023-5-205x300.jpg 205w, https:\/\/drelindrelin.com\/wp-content\/uploads\/2024\/07\/Affiche-MArche-de-NoEl-2023-5-768x1126.jpg 768w, https:\/\/drelindrelin.com\/wp-content\/uploads\/2024\/07\/Affiche-MArche-de-NoEl-2023-5-1048x1536.jpg 1048w, https:\/\/drelindrelin.com\/wp-content\/uploads\/2024\/07\/Affiche-MArche-de-NoEl-2023-5-1320x1935.jpg 1320w, https:\/\/drelindrelin.com\/wp-content\/uploads\/2024\/07\/Affiche-MArche-de-NoEl-2023-5-600x880.jpg 600w, https:\/\/drelindrelin.com\/wp-content\/uploads\/2024\/07\/Affiche-MArche-de-NoEl-2023-5.jpg 1364w\" sizes=\"auto, (max-width: 698px) 100vw, 698px\" \/><\/figure><div class=\"wp-block-media-text__content\"><p>MARCHE DE NOEL DES LILAS<\/p>\n\n<p><em>Chalet 13<\/em><br>Du 7 au 10 D\u00e9cembre 2023<\/p>\n\n<p><\/p><\/div><\/div><p><\/p>","protected":false},"excerpt":{"rendered":"<p>L&#8217;ULTIME MARCHE DE NOELen partenariat avec Le Guide Ultime20, 21 et 22 D\u00e9cembre 2024 Ground Control81 rue du Charolais 75012 Paris VILLAGE DE NOEL DE VINCENNESDu 6 au 15 D\u00e9cembre 2024 Place Pierre Semard94300 Vincennes BANDE DE CREATEURSSamedi 5 et Dimanche 6 Octobre 2024 Bastille Design Center 74 boulevard Richard Lenoir75011 Paris MARCHE DE CREATEURSCollectif [&hellip;]<\/p>\n","protected":false},"author":1,"featured_media":0,"parent":0,"menu_order":0,"comment_status":"closed","ping_status":"closed","template":"wp-custom-template-page-de-blog-test","meta":{"footnotes":""},"class_list":["post-132","page","type-page","status-publish","hentry"],"jetpack_sharing_enabled":true,"_links":{"self":[{"href":"https:\/\/drelindrelin.com\/index.php\/wp-json\/wp\/v2\/pages\/132","targetHints":{"allow":["GET"]}}],"collection":[{"href":"https:\/\/drelindrelin.com\/index.php\/wp-json\/wp\/v2\/pages"}],"about":[{"href":"https:\/\/drelindrelin.com\/index.php\/wp-json\/wp\/v2\/types\/page"}],"author":[{"embeddable":true,"href":"https:\/\/drelindrelin.com\/index.php\/wp-json\/wp\/v2\/users\/1"}],"replies":[{"embeddable":true,"href":"https:\/\/drelindrelin.com\/index.php\/wp-json\/wp\/v2\/comments?post=132"}],"version-history":[{"count":6,"href":"https:\/\/drelindrelin.com\/index.php\/wp-json\/wp\/v2\/pages\/132\/revisions"}],"predecessor-version":[{"id":631,"href":"https:\/\/drelindrelin.com\/index.php\/wp-json\/wp\/v2\/pages\/132\/revisions\/631"}],"wp:attachment":[{"href":"https:\/\/drelindrelin.com\/index.php\/wp-json\/wp\/v2\/media?parent=132"}],"curies":[{"name":"wp","href":"https:\/\/api.w.org\/{rel}","templated":true}]}}