{"id":107,"date":"2024-07-22T20:40:01","date_gmt":"2024-07-22T18:40:01","guid":{"rendered":"https:\/\/drelindrelin.com\/?page_id=107"},"modified":"2024-07-22T20:40:04","modified_gmt":"2024-07-22T18:40:04","slug":"contact","status":"publish","type":"page","link":"https:\/\/drelindrelin.com\/index.php\/contact\/","title":{"rendered":"Contact"},"content":{"rendered":"<p class=\"has-text-align-center has-large-font-size\"><strong>contact@drelindrelin.com<\/strong><\/p><p class=\"has-text-align-center has-large-font-size\"><strong>+33 6 21 22 40 36<\/strong><\/p><div class=\"wp-block-jetpack-contact-form\"><a href=\"https:\/\/drelindrelin.com\/index.php\/contact\/\" target=\"_blank\" rel=\"noopener noreferrer\">Soumettre un formulaire.<\/a><\/div><p class=\"has-text-align-left has-normal-font-size\">Entreprise, h\u00f4tel, ou pour toutes autres demandes particuli\u00e8res, n&#8217;h\u00e9sitez pas \u00e0 nous contacter ! Nous \u00e9tudierons votre demande dans les plus brefs d\u00e9lais.<\/p><p><\/p>","protected":false},"excerpt":{"rendered":"<p>contact@drelindrelin.com +33 6 21 22 40 36 Entreprise, h\u00f4tel, ou pour toutes autres demandes particuli\u00e8res, n&#8217;h\u00e9sitez pas \u00e0 nous contacter ! Nous \u00e9tudierons votre demande dans les plus brefs d\u00e9lais.<\/p>\n","protected":false},"author":1,"featured_media":0,"parent":0,"menu_order":0,"comment_status":"closed","ping_status":"closed","template":"","meta":{"footnotes":""},"class_list":["post-107","page","type-page","status-publish","hentry"],"jetpack_sharing_enabled":true,"_links":{"self":[{"href":"https:\/\/drelindrelin.com\/index.php\/wp-json\/wp\/v2\/pages\/107","targetHints":{"allow":["GET"]}}],"collection":[{"href":"https:\/\/drelindrelin.com\/index.php\/wp-json\/wp\/v2\/pages"}],"about":[{"href":"https:\/\/drelindrelin.com\/index.php\/wp-json\/wp\/v2\/types\/page"}],"author":[{"embeddable":true,"href":"https:\/\/drelindrelin.com\/index.php\/wp-json\/wp\/v2\/users\/1"}],"replies":[{"embeddable":true,"href":"https:\/\/drelindrelin.com\/index.php\/wp-json\/wp\/v2\/comments?post=107"}],"version-history":[{"count":2,"href":"https:\/\/drelindrelin.com\/index.php\/wp-json\/wp\/v2\/pages\/107\/revisions"}],"predecessor-version":[{"id":296,"href":"https:\/\/drelindrelin.com\/index.php\/wp-json\/wp\/v2\/pages\/107\/revisions\/296"}],"wp:attachment":[{"href":"https:\/\/drelindrelin.com\/index.php\/wp-json\/wp\/v2\/media?parent=107"}],"curies":[{"name":"wp","href":"https:\/\/api.w.org\/{rel}","templated":true}]}}